{"id":1146,"date":"2021-06-15T19:28:56","date_gmt":"2021-06-15T19:28:56","guid":{"rendered":"https:\/\/lingly.cz\/anglictina\/?page_id=1146"},"modified":"2021-06-16T20:21:39","modified_gmt":"2021-06-16T20:21:39","slug":"jazykova-poradna","status":"publish","type":"page","link":"https:\/\/lingly.cz\/anglictina\/jazykova-poradna\/","title":{"rendered":"Jazykov\u00e1 poradna"},"content":{"rendered":"\t\t<div data-elementor-type=\"wp-page\" data-elementor-id=\"1146\" class=\"elementor elementor-1146\" data-elementor-settings=\"[]\">\n\t\t\t\t\t\t\t<div class=\"elementor-section-wrap\">\n\t\t\t\t\t\t\t<section class=\"elementor-section elementor-top-section elementor-element elementor-element-b259f00 elementor-section-boxed elementor-section-height-default elementor-section-height-default\" data-id=\"b259f00\" data-element_type=\"section\">\n\t\t\t\t\t\t<div class=\"elementor-container elementor-column-gap-default\">\n\t\t\t\t\t<div class=\"elementor-column elementor-col-100 elementor-top-column elementor-element elementor-element-0816964\" data-id=\"0816964\" data-element_type=\"column\">\n\t\t\t<div class=\"elementor-widget-wrap elementor-element-populated\">\n\t\t\t\t\t\t\t\t<div class=\"elementor-element elementor-element-d5844ad elementor-widget elementor-widget-heading\" data-id=\"d5844ad\" data-element_type=\"widget\" data-widget_type=\"heading.default\">\n\t\t\t\t<div class=\"elementor-widget-container\">\n\t\t\t<h2 class=\"elementor-heading-title elementor-size-default\">Jazykov\u00e1 poradna<\/h2>\t\t<\/div>\n\t\t\t\t<\/div>\n\t\t\t\t<div class=\"elementor-element elementor-element-8bca5c5 elementor-widget elementor-widget-text-editor\" data-id=\"8bca5c5\" data-element_type=\"widget\" data-widget_type=\"text-editor.default\">\n\t\t\t\t<div class=\"elementor-widget-container\">\n\t\t\t\t\t\t\t\t<p>Nerozum\u00edte slov\u00ed\u010dku? Nev\u00edte, jak\u00fd \u010das pou\u017e\u00edt? Chcete poradit?<\/p>\t\t\t\t\t\t<\/div>\n\t\t\t\t<\/div>\n\t\t\t\t<div class=\"elementor-element elementor-element-7819aa6 elementor-widget elementor-widget-text-editor\" data-id=\"7819aa6\" data-element_type=\"widget\" data-widget_type=\"text-editor.default\">\n\t\t\t\t<div class=\"elementor-widget-container\">\n\t\t\t\t\t\t\t\t<p>Ptejte se na cokoliv! <strong>R\u00e1di porad\u00edme.<\/strong> \ud83d\udca1<\/p>\t\t\t\t\t\t<\/div>\n\t\t\t\t<\/div>\n\t\t\t\t<div class=\"elementor-element elementor-element-6f70c91 elementor-button-align-stretch elementor-widget elementor-widget-form\" data-id=\"6f70c91\" data-element_type=\"widget\" data-settings=\"{&quot;button_width&quot;:&quot;30&quot;,&quot;step_next_label&quot;:&quot;Next&quot;,&quot;step_previous_label&quot;:&quot;Previous&quot;,&quot;step_type&quot;:&quot;number_text&quot;,&quot;step_icon_shape&quot;:&quot;circle&quot;}\" data-widget_type=\"form.default\">\n\t\t\t\t<div class=\"elementor-widget-container\">\n\t\t\t\t\t<form class=\"elementor-form\" method=\"post\" name=\"Jazykova poradna\">\n\t\t\t<input type=\"hidden\" name=\"post_id\" value=\"1146\"\/>\n\t\t\t<input type=\"hidden\" name=\"form_id\" value=\"6f70c91\"\/>\n\t\t\t<input type=\"hidden\" name=\"referer_title\" value=\"\" \/>\n\n\t\t\t\n\t\t\t<div class=\"elementor-form-fields-wrapper elementor-labels-above\">\n\t\t\t\t\t\t\t\t<div class=\"elementor-field-type-email elementor-field-group elementor-column elementor-field-group-email elementor-col-30 elementor-field-required\">\n\t\t\t\t\t<label for=\"form-field-email\" class=\"elementor-field-label\">Email<\/label><input size=\"1\" type=\"email\" name=\"form_fields[email]\" id=\"form-field-email\" class=\"elementor-field elementor-size-md  elementor-field-textual\" value=\"@\" required=\"required\" aria-required=\"true\">\t\t\t\t<\/div>\n\t\t\t\t\t\t\t\t<div class=\"elementor-field-type-textarea elementor-field-group elementor-column elementor-field-group-message elementor-col-100 elementor-field-required\">\n\t\t\t\t\t<label for=\"form-field-message\" class=\"elementor-field-label\">Dotaz<\/label><textarea class=\"elementor-field-textual elementor-field  elementor-size-md\" name=\"form_fields[message]\" id=\"form-field-message\" rows=\"10\" placeholder=\"S \u010d\u00edm byste cht\u011bli poradit?\" required=\"required\" aria-required=\"true\"><\/textarea>\t\t\t\t<\/div>\n\t\t\t\t\t\t\t\t<div class=\"elementor-field-group elementor-column elementor-field-type-submit elementor-col-30 e-form__buttons\">\n\t\t\t\t\t<button type=\"submit\" class=\"elementor-button elementor-size-md\">\n\t\t\t\t\t\t<span >\n\t\t\t\t\t\t\t\t\t\t\t\t\t\t\t<span class=\"elementor-align-icon-right elementor-button-icon\">\n\t\t\t\t\t\t\t\t\t<i aria-hidden=\"true\" class=\"far fa-arrow-alt-circle-right\"><\/i>\t\t\t\t\t\t\t\t\t\t\t\t\t\t\t\t\t<\/span>\n\t\t\t\t\t\t\t\t\t\t\t\t\t\t\t\t\t\t\t\t\t\t<span class=\"elementor-button-text\">Odeslat dotaz<\/span>\n\t\t\t\t\t\t\t\t\t\t\t\t\t<\/span>\n\t\t\t\t\t<\/button>\n\t\t\t\t<\/div>\n\t\t\t<\/div>\n\t\t<\/form>\n\t\t\t\t<\/div>\n\t\t\t\t<\/div>\n\t\t\t\t\t<\/div>\n\t\t<\/div>\n\t\t\t\t\t\t\t<\/div>\n\t\t<\/section>\n\t\t\t\t\t\t<\/div>\n\t\t\t\t\t<\/div>\n\t\t","protected":false},"excerpt":{"rendered":"<p>Jazykov\u00e1 poradna Nerozum\u00edte slov\u00ed\u010dku? Nev\u00edte, jak\u00fd \u010das pou\u017e\u00edt? Chcete poradit? Ptejte se na cokoliv! R\u00e1di porad\u00edme. \ud83d\udca1<\/p>\n","protected":false},"author":1,"featured_media":0,"parent":0,"menu_order":0,"comment_status":"closed","ping_status":"closed","template":"","meta":[],"_links":{"self":[{"href":"https:\/\/lingly.cz\/anglictina\/wp-json\/wp\/v2\/pages\/1146"}],"collection":[{"href":"https:\/\/lingly.cz\/anglictina\/wp-json\/wp\/v2\/pages"}],"about":[{"href":"https:\/\/lingly.cz\/anglictina\/wp-json\/wp\/v2\/types\/page"}],"author":[{"embeddable":true,"href":"https:\/\/lingly.cz\/anglictina\/wp-json\/wp\/v2\/users\/1"}],"replies":[{"embeddable":true,"href":"https:\/\/lingly.cz\/anglictina\/wp-json\/wp\/v2\/comments?post=1146"}],"version-history":[{"count":88,"href":"https:\/\/lingly.cz\/anglictina\/wp-json\/wp\/v2\/pages\/1146\/revisions"}],"predecessor-version":[{"id":1237,"href":"https:\/\/lingly.cz\/anglictina\/wp-json\/wp\/v2\/pages\/1146\/revisions\/1237"}],"wp:attachment":[{"href":"https:\/\/lingly.cz\/anglictina\/wp-json\/wp\/v2\/media?parent=1146"}],"curies":[{"name":"wp","href":"https:\/\/api.w.org\/{rel}","templated":true}]}}